{"id":11,"date":"2014-07-03T12:01:35","date_gmt":"2014-07-03T12:01:35","guid":{"rendered":"http:\/\/ctrteresina.com.br\/site\/?page_id=11"},"modified":"2014-07-07T10:41:51","modified_gmt":"2014-07-07T13:41:51","slug":"localizacao","status":"publish","type":"page","link":"http:\/\/www.ctrteresina.com.br\/site\/localizacao\/","title":{"rendered":"Localiza\u00e7\u00e3o"},"content":{"rendered":"<p><p style=\"text-align: justify;\"><a href=\"http:\/\/ctrteresina.com.br\/site\/wp-content\/uploads\/2014\/07\/localizacao.jpg\"><img loading=\"lazy\" decoding=\"async\" class=\"alignright  wp-image-120\" src=\"http:\/\/ctrteresina.com.br\/site\/wp-content\/uploads\/2014\/07\/localizacao.jpg\" alt=\"localizacao\" width=\"290\" height=\"359\" srcset=\"http:\/\/www.ctrteresina.com.br\/site\/wp-content\/uploads\/2014\/07\/localizacao.jpg 703w, http:\/\/www.ctrteresina.com.br\/site\/wp-content\/uploads\/2014\/07\/localizacao-242x300.jpg 242w, http:\/\/www.ctrteresina.com.br\/site\/wp-content\/uploads\/2014\/07\/localizacao-161x200.jpg 161w\" sizes=\"auto, (max-width: 290px) 100vw, 290px\" \/><\/a>PI-130 Comunidade Salobro \u2013 Zona Rural \u2013 CEP 64.040-090 \u2013 Teresina \u2013 Piau\u00ed<\/p>\n<h3 style=\"text-align: justify;\">Coordenadas:<\/h3>\n<p style=\"text-align: justify;\">Latitude: 05\u00ba18\u201956.489573\u201d S<br \/>\nLongitude: 42\u00ba48\u201921.729470\u201dW<br \/>\nDeclina\u00e7\u00e3o magn\u00e9tica: -21\u00ba 35\u201910.022851 NE<br \/>\nConverg\u00eancia meridiana: 00\u00ba12`12.083615\u201d<\/p>\n<p style=\"text-align: center;\"><span style=\"color: #008000;\"><strong><a href=\"http:\/\/www.ctrteresina.com.br\/site\/\">P\u00c1GINA INICIAL<\/a> | <a href=\"http:\/\/www.ctrteresina.com.br\/site\/contato\">FALE CONOSCO<\/a><\/strong><\/span><\/p>\n","protected":false},"excerpt":{"rendered":"<p>PI-130 Comunidade Salobro \u2013 Zona Rural \u2013 CEP 64.040-090 \u2013 Teresina \u2013 Piau\u00ed Coordenadas: Latitude: 05\u00ba18\u201956.489573\u201d S Longitude: 42\u00ba48\u201921.729470\u201dW Declina\u00e7\u00e3o magn\u00e9tica: -21\u00ba 35\u201910.022851 NE Converg\u00eancia meridiana: 00\u00ba12`12.083615\u201d P\u00c1GINA INICIAL | FALE CONOSCO<\/p>\n","protected":false},"author":1,"featured_media":0,"parent":0,"menu_order":0,"comment_status":"open","ping_status":"open","template":"fullwidth-template.php","meta":{"footnotes":""},"class_list":["post-11","page","type-page","status-publish","hentry"],"_links":{"self":[{"href":"http:\/\/www.ctrteresina.com.br\/site\/wp-json\/wp\/v2\/pages\/11","targetHints":{"allow":["GET"]}}],"collection":[{"href":"http:\/\/www.ctrteresina.com.br\/site\/wp-json\/wp\/v2\/pages"}],"about":[{"href":"http:\/\/www.ctrteresina.com.br\/site\/wp-json\/wp\/v2\/types\/page"}],"author":[{"embeddable":true,"href":"http:\/\/www.ctrteresina.com.br\/site\/wp-json\/wp\/v2\/users\/1"}],"replies":[{"embeddable":true,"href":"http:\/\/www.ctrteresina.com.br\/site\/wp-json\/wp\/v2\/comments?post=11"}],"version-history":[{"count":7,"href":"http:\/\/www.ctrteresina.com.br\/site\/wp-json\/wp\/v2\/pages\/11\/revisions"}],"predecessor-version":[{"id":123,"href":"http:\/\/www.ctrteresina.com.br\/site\/wp-json\/wp\/v2\/pages\/11\/revisions\/123"}],"wp:attachment":[{"href":"http:\/\/www.ctrteresina.com.br\/site\/wp-json\/wp\/v2\/media?parent=11"}],"curies":[{"name":"wp","href":"https:\/\/api.w.org\/{rel}","templated":true}]}}