{"id":2,"date":"2014-06-24T02:27:14","date_gmt":"2014-06-24T02:27:14","guid":{"rendered":"http:\/\/ctrteresina.com.br\/site\/?page_id=2"},"modified":"2014-07-07T09:41:47","modified_gmt":"2014-07-07T12:41:47","slug":"empresa","status":"publish","type":"page","link":"http:\/\/www.ctrteresina.com.br\/site\/empresa\/","title":{"rendered":"Empresa"},"content":{"rendered":"<p><p style=\"text-align: justify;\">A CTR TERESINA vai al\u00e9m de um Aterro Sanit\u00e1rio, pois \u00e9 uma Central de Tratamento de Res\u00edduos, que \u00e9 formada por um conjunto de tecnologias integradas em diferentes unidades de tratamento capazes de promover o gerenciamento completo dos diversos tipos de res\u00edduos, evitando-se a polui\u00e7\u00e3o e minimizando os impactos ambientais e sociais, respeitando-se o principio da ECOEFICIENCIA.<\/p>\n<p style=\"text-align: justify;\">Na CTR TERESINA teremos o tratamento e a destina\u00e7\u00e3o adequada dos res\u00edduos industriais, dom\u00e9sticos, entulho, podas e servi\u00e7os de sa\u00fade.<\/p>\n<p style=\"text-align: justify;\">A CTR possui sistemas de prote\u00e7\u00e3o e controle ambiental, s\u00e3o eles:<\/p>\n<p style=\"padding-left: 30px;\">&#8211; Sistema de impermeabiliza\u00e7\u00e3o de base e laterais;<br \/>\n&#8211; Sistema de recobrimento di\u00e1rio dos res\u00edduos;<br \/>\n&#8211; Sistema de cobertura final das plataformas de res\u00edduos;<br \/>\n&#8211; Sistema de coleta, drenagem e tratamento de lixiviados (chorume);<br \/>\n&#8211; Sistema de coleta e tratamento dos gases;<br \/>\n&#8211; Sistema de drenagem superficial;<br \/>\n&#8211; Sistema de monitoramento t\u00e9cnico e ambiental.<\/p>\n<p style=\"text-align: justify;\">Al\u00e9m desses sistemas, tem outras vantagens:<\/p>\n<p style=\"padding-left: 30px;\">&#8211; Atende todos os requisitos de normas e leis ambientais vigentes no pa\u00eds.<br \/>\n&#8211; Permite o tratamento e a destina\u00e7\u00e3o adequada dos res\u00edduos industriais, dom\u00e9sticos, entulho, podas e servi\u00e7os de sa\u00fade (Autoclave)<br \/>\n&#8211; Sistema licenciado e operado por profissionais treinados, habilitados e experientes.<br \/>\n&#8211; Os recursos para todo o empreendimento \u00e9 privado<br \/>\n&#8211; A responsabilidade ambiental, civil e criminal s\u00e3o dos respons\u00e1veis legal e t\u00e9cnico da empresa.<br \/>\n&#8211; Incremento de ISS para a Prefeitura.<br \/>\n&#8211; Coloca Teresina dentro do contexto dos Munic\u00edpios Brasileiros que possui um equipamento que estar\u00e1 atendendo a PNRS (Lei 12.305)<\/p>\n<p style=\"text-align: justify;\">A camada impermeabilizante impede que o chorume infiltre no solo, sendo que os drenos da base coletam o l\u00edquido para serem encaminhados \u00e0 Esta\u00e7\u00e3o de Tratamento, de acordo com os padr\u00f5es da legisla\u00e7\u00e3o ambiental. Os drenos verticais realizam a coleta dos gases (biog\u00e1s) gerados pela decomposi\u00e7\u00e3o do lixo para serem queimados e lan\u00e7ados na atmosfera. Outra op\u00e7\u00e3o muito interessante \u00e9 a produ\u00e7\u00e3o de energia el\u00e9trica a partir do metano.<\/p>\n<p style=\"text-align: justify;\">Ap\u00f3s a conclus\u00e3o de cada fase de aterramento do lixo, acontece a cobertura com a aplica\u00e7\u00e3o de camada impermeabilizante e solo f\u00e9rtil para implanta\u00e7\u00e3o de cobertura vegetal. \u00c9 tamb\u00e9m realizada a implanta\u00e7\u00e3o do sistema de drenagem superficial, visando impedir a infiltra\u00e7\u00e3o de \u00e1gua pluvial no maci\u00e7o de lixo.<\/p>\n<p style=\"text-align: justify;\">A CTR tamb\u00e9m possui sistema de monitoramento o que possibilita ao longo da opera\u00e7\u00e3o do Aterro Sanit\u00e1rio o acompanhamento da qualidade do ar, da \u00e1gua subterr\u00e2nea e superficial e da estabilidade dos maci\u00e7os. Al\u00e9m disso, ap\u00f3s o encerramento da unidade, o monitoramento ambiental permanece, para que seja atestada a n\u00e3o altera\u00e7\u00e3o da qualidade ambiental do local.<\/p>\n<h3 style=\"text-align: justify;\">Veja imagens:<\/h3>\n<p style=\"text-align: justify;\"><img decoding=\"async\" class=\"ngg_displayed_gallery mceItem\" src=\"http:\/\/www.ctrteresina.com.br\/site\/nextgen-attach_to_post\/preview\/id--178\" alt=\"\" \/><\/p>\n<p style=\"text-align: center;\"><span style=\"color: #008000;\"><strong><a href=\"http:\/\/www.ctrteresina.com.br\/site\/\">P\u00c1GINA INICIAL<\/a> | <a href=\"http:\/\/www.ctrteresina.com.br\/site\/contato\">FALE CONOSCO<\/a><\/strong><\/span><\/p>\n","protected":false},"excerpt":{"rendered":"<p>A CTR TERESINA vai al\u00e9m de um Aterro Sanit\u00e1rio, pois \u00e9 uma Central de Tratamento de Res\u00edduos, que \u00e9 formada por um conjunto de tecnologias integradas em diferentes unidades de tratamento capazes de promover o gerenciamento completo dos diversos tipos de res\u00edduos, evitando-se a polui\u00e7\u00e3o e minimizando os impactos ambientais e sociais, respeitando-se o principio [&hellip;]<\/p>\n","protected":false},"author":1,"featured_media":0,"parent":0,"menu_order":0,"comment_status":"open","ping_status":"open","template":"fullwidth-template.php","meta":{"footnotes":""},"class_list":["post-2","page","type-page","status-publish","hentry"],"_links":{"self":[{"href":"http:\/\/www.ctrteresina.com.br\/site\/wp-json\/wp\/v2\/pages\/2","targetHints":{"allow":["GET"]}}],"collection":[{"href":"http:\/\/www.ctrteresina.com.br\/site\/wp-json\/wp\/v2\/pages"}],"about":[{"href":"http:\/\/www.ctrteresina.com.br\/site\/wp-json\/wp\/v2\/types\/page"}],"author":[{"embeddable":true,"href":"http:\/\/www.ctrteresina.com.br\/site\/wp-json\/wp\/v2\/users\/1"}],"replies":[{"embeddable":true,"href":"http:\/\/www.ctrteresina.com.br\/site\/wp-json\/wp\/v2\/comments?post=2"}],"version-history":[{"count":20,"href":"http:\/\/www.ctrteresina.com.br\/site\/wp-json\/wp\/v2\/pages\/2\/revisions"}],"predecessor-version":[{"id":208,"href":"http:\/\/www.ctrteresina.com.br\/site\/wp-json\/wp\/v2\/pages\/2\/revisions\/208"}],"wp:attachment":[{"href":"http:\/\/www.ctrteresina.com.br\/site\/wp-json\/wp\/v2\/media?parent=2"}],"curies":[{"name":"wp","href":"https:\/\/api.w.org\/{rel}","templated":true}]}}