{"id":5,"date":"2014-07-03T12:00:43","date_gmt":"2014-07-03T12:00:43","guid":{"rendered":"http:\/\/ctrteresina.com.br\/site\/?page_id=5"},"modified":"2014-07-04T22:15:18","modified_gmt":"2014-07-05T01:15:18","slug":"servicos","status":"publish","type":"page","link":"http:\/\/www.ctrteresina.com.br\/site\/servicos\/","title":{"rendered":"Servi\u00e7os"},"content":{"rendered":"<p><p style=\"text-align: justify;\">A CTR- TERESINA ira receber para tratamento e disposi\u00e7\u00e3o os res\u00edduos (classifica\u00e7\u00e3o \/ <strong>Conceito &#8211; ABNT NBR 10004:2004<\/strong>):<\/p>\n<h3 style=\"text-align: justify;\"><strong>Destina\u00e7\u00e3o final de res\u00edduos Classe IIA \u2013 n\u00e3o inertes (domiciliares e comercial-RCD) <\/strong><\/h3>\n<p style=\"text-align: justify;\">Aqueles que n\u00e3o se enquadram nas classifica\u00e7\u00f5es de res\u00edduos classe I &#8211; Perigosos ou de res\u00edduos classe II B\u00a0&#8211; Inertes, nos termos desta Norma. Os res\u00edduos classe II A \u2013 N\u00e3o inertes podem ter propriedades, tais como:\u00a0biodegradabilidade, combustibilidade ou solubilidade em \u00e1gua.<\/p>\n<p style=\"text-align: justify;\"><a href=\"http:\/\/ctrteresina.com.br\/site\/wp-content\/uploads\/2014\/07\/destinacao_01.jpg\"><img loading=\"lazy\" decoding=\"async\" class=\"aligncenter size-full wp-image-87\" src=\"http:\/\/ctrteresina.com.br\/site\/wp-content\/uploads\/2014\/07\/destinacao_01.jpg\" alt=\"destinacao_01\" width=\"900\" height=\"506\" srcset=\"http:\/\/www.ctrteresina.com.br\/site\/wp-content\/uploads\/2014\/07\/destinacao_01.jpg 900w, http:\/\/www.ctrteresina.com.br\/site\/wp-content\/uploads\/2014\/07\/destinacao_01-300x168.jpg 300w, http:\/\/www.ctrteresina.com.br\/site\/wp-content\/uploads\/2014\/07\/destinacao_01-200x112.jpg 200w\" sizes=\"auto, (max-width: 900px) 100vw, 900px\" \/><\/a><\/p>\n<h3 style=\"text-align: justify;\"><strong>Destina\u00e7\u00e3o final de res\u00edduos da Constru\u00e7\u00e3o Civil Classe IIB &#8211; RCC <\/strong><\/h3>\n<p style=\"text-align: justify;\">Quaisquer res\u00edduos que, quando amostrados de uma forma representativa, segundo a ABNT NBR 10007, e\u00a0submetidos a um contato din\u00e2mico e est\u00e1tico com \u00e1gua destilada ou desionizada, \u00e0 temperatura ambiente,\u00a0conforme ABNT NBR 10006, n\u00e3o tiverem nenhum de seus constituintes solubilizados a concentra\u00e7\u00f5es\u00a0superiores aos padr\u00f5es de potabilidade de \u00e1gua, excetuando-se aspecto, cor, turbidez, dureza e sabor,\u00a0conforme anexo G.<\/p>\n<h3 style=\"text-align: justify;\"><strong>Destina\u00e7\u00e3o final de res\u00edduos Classe I &#8211; Res\u00edduos Perigosos<\/strong><\/h3>\n<p style=\"text-align: justify;\">S\u00e3o aqueles que apresentam riscos a sa\u00fade publica e ao meio ambiente, exigindo tratamento e disposi\u00e7\u00e3o especiais em fun\u00e7\u00e3o de suas caracter\u00edsticas de inflamabilidade, corrosividade, reatividade, toxidade e patogenicidade.<\/p>\n<h3 style=\"text-align: justify;\"><strong>Destina\u00e7\u00e3o final de res\u00edduos Servi\u00e7o de Sa\u00fade<\/strong><\/h3>\n<p style=\"text-align: justify;\">RSS Comumente conhecido como lixo hospitalar, tamb\u00e9m chamados de lixo s\u00e9ptico. A ABNT NBR 12808:1993 estabelece como defini\u00e7\u00e3o, os res\u00edduos resultantes das atividades exercidas por estabelecimento destinado a presta\u00e7\u00e3o de assist\u00eancia a sa\u00fade da popula\u00e7\u00e3o.<\/p>\n<p style=\"text-align: center;\"><span style=\"color: #008000;\"><strong><a href=\"http:\/\/www.ctrteresina.com.br\/site\/\">P\u00c1GINA INICIAL<\/a> | <a href=\"http:\/\/www.ctrteresina.com.br\/site\/contato\">FALE CONOSCO<\/a><\/strong><\/span><\/p>\n","protected":false},"excerpt":{"rendered":"<p>A CTR- TERESINA ira receber para tratamento e disposi\u00e7\u00e3o os res\u00edduos (classifica\u00e7\u00e3o \/ Conceito &#8211; ABNT NBR 10004:2004): Destina\u00e7\u00e3o final de res\u00edduos Classe IIA \u2013 n\u00e3o inertes (domiciliares e comercial-RCD) Aqueles que n\u00e3o se enquadram nas classifica\u00e7\u00f5es de res\u00edduos classe I &#8211; Perigosos ou de res\u00edduos classe II B\u00a0&#8211; Inertes, nos termos desta Norma. Os [&hellip;]<\/p>\n","protected":false},"author":1,"featured_media":0,"parent":0,"menu_order":0,"comment_status":"open","ping_status":"open","template":"fullwidth-template.php","meta":{"footnotes":""},"class_list":["post-5","page","type-page","status-publish","hentry"],"_links":{"self":[{"href":"http:\/\/www.ctrteresina.com.br\/site\/wp-json\/wp\/v2\/pages\/5","targetHints":{"allow":["GET"]}}],"collection":[{"href":"http:\/\/www.ctrteresina.com.br\/site\/wp-json\/wp\/v2\/pages"}],"about":[{"href":"http:\/\/www.ctrteresina.com.br\/site\/wp-json\/wp\/v2\/types\/page"}],"author":[{"embeddable":true,"href":"http:\/\/www.ctrteresina.com.br\/site\/wp-json\/wp\/v2\/users\/1"}],"replies":[{"embeddable":true,"href":"http:\/\/www.ctrteresina.com.br\/site\/wp-json\/wp\/v2\/comments?post=5"}],"version-history":[{"count":11,"href":"http:\/\/www.ctrteresina.com.br\/site\/wp-json\/wp\/v2\/pages\/5\/revisions"}],"predecessor-version":[{"id":198,"href":"http:\/\/www.ctrteresina.com.br\/site\/wp-json\/wp\/v2\/pages\/5\/revisions\/198"}],"wp:attachment":[{"href":"http:\/\/www.ctrteresina.com.br\/site\/wp-json\/wp\/v2\/media?parent=5"}],"curies":[{"name":"wp","href":"https:\/\/api.w.org\/{rel}","templated":true}]}}