{"id":7,"date":"2014-07-03T12:00:58","date_gmt":"2014-07-03T12:00:58","guid":{"rendered":"http:\/\/ctrteresina.com.br\/site\/?page_id=7"},"modified":"2014-07-07T10:42:18","modified_gmt":"2014-07-07T13:42:18","slug":"destinacao-correta","status":"publish","type":"page","link":"http:\/\/www.ctrteresina.com.br\/site\/destinacao-correta\/","title":{"rendered":"Destina\u00e7\u00e3o Correta"},"content":{"rendered":"<p><p style=\"text-align: justify;\">Com a publica\u00e7\u00e3o da LEI N\u00ba 12.305, DE 02-08-2010 que instituiu a Pol\u00edtica Nacional de Res\u00edduos S\u00f3lidos, foram estabelecidos prazos para serem atingidos, bem como penalidades para quem n\u00e3o cumprir a lei.<\/p>\n<h3 style=\"text-align: justify;\"><strong>Sobre os prazos:<\/strong><\/h3>\n<p style=\"text-align: justify;\">&#8211; Agosto de 2012 \/ Todos os Munic\u00edpios devem ter os Planos de Gest\u00e3o Integrada de Res\u00edduos S\u00f3lidos \u2013 PMGIRS;<br \/>\n&#8211; Agosto de 2014 \/ Elimina\u00e7\u00e3o dos lix\u00f5es e implementa\u00e7\u00e3o dos Planos de Res\u00edduos.<\/p>\n<h3 style=\"text-align: justify;\"><strong>Sobre as Penalidades:<\/strong><\/h3>\n<p style=\"text-align: justify;\">O Plano Municipal de Gest\u00e3o Integrada de Res\u00edduos S\u00f3lidos \u00e9 uma determina\u00e7\u00e3o da Lei 12.305\/2010, que obriga os munic\u00edpios a implementarem o referido plano ate agosto do corrente ano e executarem em 2014.<\/p>\n<p style=\"text-align: justify;\">O munic\u00edpio que n\u00e3o atender o que prescreve a Lei. 12.305\/2010 sofrer\u00e1 penalidades administrativas, c\u00edveis e criminais, bem como corte de recursos federais pelo tribunal de contas da uni\u00e3o, al\u00e9m de processo por improbidade administrativa.<\/p>\n<h3 style=\"text-align: justify;\"><strong>As penas previstas ao gestor p\u00fablico s\u00e3o:<\/strong><\/h3>\n<p style=\"text-align: justify;\">Lei 9.605\/1998 \u2013 Crimes Ambientais: san\u00e7\u00f5es penas e administrativas derivadas de condutas e atividades lesivas ao meio ambiente. Deten\u00e7\u00e3o de um a tr\u00eas anos e multa ou reclus\u00e3o de um a quatro anos e multa.<\/p>\n<p style=\"text-align: justify;\">Decreto n\u00b06.514\/2008 \u2013 Infra\u00e7\u00f5es Administrativas Ambientais: multa de R$5 mil a R$50 milh\u00f5es para os Munic\u00edpios que possuem lix\u00f5es.<\/p>\n<p style=\"text-align: justify;\">Lei Complementar n\u00b0135\/2010 \u2013 Lei da Ficha Limpa: os prefeitos que deixarem o mandato no pr\u00f3ximo ano e n\u00e3o cumprirem a legisla\u00e7\u00e3o responder\u00e3o a\u00e7\u00f5es civil e criminal, e poder\u00e3o ter os bens apreendidos at\u00e9 a conclus\u00e3o do processo.<\/p>\n<p style=\"text-align: justify;\">Lei n\u00b08.429\/1992 \u2013 Lei de Improbidade Administrativa: os gestores dos Munic\u00edpios que n\u00e3o cumprirem as determina\u00e7\u00f5es estar\u00e3o sujeitos \u00e0s restri\u00e7\u00f5es para o acesso a recursos federais.<\/p>\n<h3 style=\"text-align: justify;\"><strong>Diferen\u00e7a entre Aterro Sanit\u00e1rio e Lix\u00e3o<\/strong><\/h3>\n<p style=\"text-align: justify;\"><strong>Lix\u00e3o<\/strong> &#8211; \u00e9 uma forma de disposi\u00e7\u00e3o inadequada do lixo, que se caracteriza pelo simples lan\u00e7amento sobre o solo a c\u00e9u aberto, sem medidas de prote\u00e7\u00e3o ao meio ambiente e \u00e0 sa\u00fade p\u00fablica. Percebe-se nestas \u00e1reas a instabilidade do maci\u00e7o de lixo, gerada pelo lan\u00e7amento sem crit\u00e9rio t\u00e9cnico, com risco de deslizamentos e inc\u00eandios, potencializando a ocorr\u00eancia de fatalidades, al\u00e9m disso, ocorre a prolifera\u00e7\u00e3o de vetores de doen\u00e7as (moscas, mosquitos, baratas, ratos, etc.) polui\u00e7\u00e3o do ar, do solo e das \u00e1guas superficiais e subterr\u00e2neas, ocasionando a degrada\u00e7\u00e3o ambiental e social.<\/p>\n<p style=\"text-align: justify;\"><a href=\"http:\/\/www.ctrteresina.com.br\/site\/wp-content\/uploads\/2014\/07\/lixao1.jpg\"><img loading=\"lazy\" decoding=\"async\" class=\"aligncenter wp-image-209 size-full\" src=\"http:\/\/www.ctrteresina.com.br\/site\/wp-content\/uploads\/2014\/07\/lixao1.jpg\" alt=\"\" width=\"900\" height=\"576\" srcset=\"http:\/\/www.ctrteresina.com.br\/site\/wp-content\/uploads\/2014\/07\/lixao1.jpg 900w, http:\/\/www.ctrteresina.com.br\/site\/wp-content\/uploads\/2014\/07\/lixao1-300x192.jpg 300w, http:\/\/www.ctrteresina.com.br\/site\/wp-content\/uploads\/2014\/07\/lixao1-200x128.jpg 200w\" sizes=\"auto, (max-width: 900px) 100vw, 900px\" \/><\/a><\/p>\n<p style=\"text-align: justify;\">Em vazadouros a c\u00e9u aberto (lix\u00f5es), o cen\u00e1rio de deteriora\u00e7\u00e3o social \u00e9 percebido atrav\u00e9s da presen\u00e7a da popula\u00e7\u00e3o de baixa renda, motivada pela atra\u00e7\u00e3o econ\u00f4mica na separa\u00e7\u00e3o e comercializa\u00e7\u00e3o de materiais potencialmente recicl\u00e1veis.<\/p>\n<p style=\"text-align: justify;\"><strong>Aterros Sanit\u00e1rios<\/strong> &#8211; Local preparado para receber o lixo com impermeabiliza\u00e7\u00e3o do solo (impede o vazamento do chorume) e capta\u00e7\u00e3o do g\u00e1s metano\u00a0(liberado pela decomposi\u00e7\u00e3o da mat\u00e9ria org\u00e2nica e que pode ser transformado em energia). Longe dos insetos e com as subst\u00e2ncias contaminantes controladas, o lixo deixa de ser um problema para a popula\u00e7\u00e3o, principalmente de sa\u00fade das pessoas.<\/p>\n<p style=\"text-align: justify;\"><a href=\"http:\/\/www.ctrteresina.com.br\/site\/wp-content\/uploads\/2014\/07\/aterro1.jpg\"><img loading=\"lazy\" decoding=\"async\" class=\"aligncenter wp-image-210 size-full\" src=\"http:\/\/www.ctrteresina.com.br\/site\/wp-content\/uploads\/2014\/07\/aterro1.jpg\" alt=\"\" width=\"900\" height=\"576\" srcset=\"http:\/\/www.ctrteresina.com.br\/site\/wp-content\/uploads\/2014\/07\/aterro1.jpg 900w, http:\/\/www.ctrteresina.com.br\/site\/wp-content\/uploads\/2014\/07\/aterro1-300x192.jpg 300w, http:\/\/www.ctrteresina.com.br\/site\/wp-content\/uploads\/2014\/07\/aterro1-200x128.jpg 200w\" sizes=\"auto, (max-width: 900px) 100vw, 900px\" \/><\/a><\/p>\n<p style=\"text-align: center;\"><span style=\"color: #008000;\"><strong><a href=\"http:\/\/www.ctrteresina.com.br\/site\/\">P\u00c1GINA INICIAL<\/a> | <a href=\"http:\/\/www.ctrteresina.com.br\/site\/contato\">FALE CONOSCO<\/a><\/strong><\/span><\/p>\n","protected":false},"excerpt":{"rendered":"<p>Com a publica\u00e7\u00e3o da LEI N\u00ba 12.305, DE 02-08-2010 que instituiu a Pol\u00edtica Nacional de Res\u00edduos S\u00f3lidos, foram estabelecidos prazos para serem atingidos, bem como penalidades para quem n\u00e3o cumprir a lei. Sobre os prazos: &#8211; Agosto de 2012 \/ Todos os Munic\u00edpios devem ter os Planos de Gest\u00e3o Integrada de Res\u00edduos S\u00f3lidos \u2013 PMGIRS; [&hellip;]<\/p>\n","protected":false},"author":1,"featured_media":0,"parent":0,"menu_order":0,"comment_status":"open","ping_status":"open","template":"fullwidth-template.php","meta":{"footnotes":""},"class_list":["post-7","page","type-page","status-publish","hentry"],"_links":{"self":[{"href":"http:\/\/www.ctrteresina.com.br\/site\/wp-json\/wp\/v2\/pages\/7","targetHints":{"allow":["GET"]}}],"collection":[{"href":"http:\/\/www.ctrteresina.com.br\/site\/wp-json\/wp\/v2\/pages"}],"about":[{"href":"http:\/\/www.ctrteresina.com.br\/site\/wp-json\/wp\/v2\/types\/page"}],"author":[{"embeddable":true,"href":"http:\/\/www.ctrteresina.com.br\/site\/wp-json\/wp\/v2\/users\/1"}],"replies":[{"embeddable":true,"href":"http:\/\/www.ctrteresina.com.br\/site\/wp-json\/wp\/v2\/comments?post=7"}],"version-history":[{"count":27,"href":"http:\/\/www.ctrteresina.com.br\/site\/wp-json\/wp\/v2\/pages\/7\/revisions"}],"predecessor-version":[{"id":211,"href":"http:\/\/www.ctrteresina.com.br\/site\/wp-json\/wp\/v2\/pages\/7\/revisions\/211"}],"wp:attachment":[{"href":"http:\/\/www.ctrteresina.com.br\/site\/wp-json\/wp\/v2\/media?parent=7"}],"curies":[{"name":"wp","href":"https:\/\/api.w.org\/{rel}","templated":true}]}}