{"id":9,"date":"2014-07-03T12:01:18","date_gmt":"2014-07-03T12:01:18","guid":{"rendered":"http:\/\/ctrteresina.com.br\/site\/?page_id=9"},"modified":"2014-07-07T10:56:52","modified_gmt":"2014-07-07T13:56:52","slug":"compromisso-socioambiental","status":"publish","type":"page","link":"http:\/\/www.ctrteresina.com.br\/site\/compromisso-socioambiental\/","title":{"rendered":"Compromisso Socioambiental"},"content":{"rendered":"<p><p style=\"text-align: justify;\">A CTR- TERESINA desenvolve suas atividades utilizando as melhores tecnologias operacionais, para que o meio ambiente n\u00e3o seja impactado, oferecendo aos nossos clientes uma alternativa ecologicamente correta para a destina\u00e7\u00e3o final de seus res\u00edduos.<\/p>\n<p style=\"text-align: justify;\">Disponibiliza sua estrutura para visitas acad\u00eamicas e oferece palestras de t\u00e9cnicos ambientais para as comunidades.<\/p>\n<p style=\"text-align: justify;\"><a href=\"http:\/\/ctrteresina.com.br\/site\/wp-content\/uploads\/2014\/07\/reserva_compromisso11.jpg\"><img loading=\"lazy\" decoding=\"async\" class=\"aligncenter  wp-image-43\" src=\"http:\/\/ctrteresina.com.br\/site\/wp-content\/uploads\/2014\/07\/reserva_compromisso11.jpg\" alt=\"reserva_compromisso1\" width=\"900\" height=\"507\" srcset=\"http:\/\/www.ctrteresina.com.br\/site\/wp-content\/uploads\/2014\/07\/reserva_compromisso11.jpg 630w, http:\/\/www.ctrteresina.com.br\/site\/wp-content\/uploads\/2014\/07\/reserva_compromisso11-300x169.jpg 300w, http:\/\/www.ctrteresina.com.br\/site\/wp-content\/uploads\/2014\/07\/reserva_compromisso11-200x112.jpg 200w\" sizes=\"auto, (max-width: 900px) 100vw, 900px\" \/><\/a><\/p>\n<p style=\"text-align: justify;\">Al\u00e9m de contar com uma \u00e1rea de preserva\u00e7\u00e3o ambiental localizada em seu terreno, a CTR-Teresina executou em parceria com a SEMAM, no momento de seu licenciamento a limpeza dos aguap\u00e9s retidos nas bases da ponte do Poti Velho.<\/p>\n<p style=\"text-align: justify;\"><a href=\"http:\/\/ctrteresina.com.br\/site\/wp-content\/uploads\/2014\/07\/compromisso2.jpg\"><img loading=\"lazy\" decoding=\"async\" class=\"aligncenter  wp-image-44\" src=\"http:\/\/ctrteresina.com.br\/site\/wp-content\/uploads\/2014\/07\/compromisso2.jpg\" alt=\"compromisso2\" width=\"900\" height=\"507\" srcset=\"http:\/\/www.ctrteresina.com.br\/site\/wp-content\/uploads\/2014\/07\/compromisso2.jpg 630w, http:\/\/www.ctrteresina.com.br\/site\/wp-content\/uploads\/2014\/07\/compromisso2-300x169.jpg 300w, http:\/\/www.ctrteresina.com.br\/site\/wp-content\/uploads\/2014\/07\/compromisso2-200x112.jpg 200w\" sizes=\"auto, (max-width: 900px) 100vw, 900px\" \/><\/a><\/p>\n<p style=\"text-align: center;\"><span style=\"color: #008000;\"><strong><a href=\"http:\/\/www.ctrteresina.com.br\/site\/\">P\u00c1GINA INICIAL<\/a> | <a href=\"http:\/\/www.ctrteresina.com.br\/site\/contato\">FALE CONOSCO<\/a><\/strong><\/span><\/p>\n<p>&nbsp;<\/p>\n","protected":false},"excerpt":{"rendered":"<p>A CTR- TERESINA desenvolve suas atividades utilizando as melhores tecnologias operacionais, para que o meio ambiente n\u00e3o seja impactado, oferecendo aos nossos clientes uma alternativa ecologicamente correta para a destina\u00e7\u00e3o final de seus res\u00edduos. Disponibiliza sua estrutura para visitas acad\u00eamicas e oferece palestras de t\u00e9cnicos ambientais para as comunidades. Al\u00e9m de contar com uma \u00e1rea [&hellip;]<\/p>\n","protected":false},"author":1,"featured_media":0,"parent":0,"menu_order":0,"comment_status":"open","ping_status":"open","template":"fullwidth-template.php","meta":{"footnotes":""},"class_list":["post-9","page","type-page","status-publish","hentry"],"_links":{"self":[{"href":"http:\/\/www.ctrteresina.com.br\/site\/wp-json\/wp\/v2\/pages\/9","targetHints":{"allow":["GET"]}}],"collection":[{"href":"http:\/\/www.ctrteresina.com.br\/site\/wp-json\/wp\/v2\/pages"}],"about":[{"href":"http:\/\/www.ctrteresina.com.br\/site\/wp-json\/wp\/v2\/types\/page"}],"author":[{"embeddable":true,"href":"http:\/\/www.ctrteresina.com.br\/site\/wp-json\/wp\/v2\/users\/1"}],"replies":[{"embeddable":true,"href":"http:\/\/www.ctrteresina.com.br\/site\/wp-json\/wp\/v2\/comments?post=9"}],"version-history":[{"count":11,"href":"http:\/\/www.ctrteresina.com.br\/site\/wp-json\/wp\/v2\/pages\/9\/revisions"}],"predecessor-version":[{"id":66,"href":"http:\/\/www.ctrteresina.com.br\/site\/wp-json\/wp\/v2\/pages\/9\/revisions\/66"}],"wp:attachment":[{"href":"http:\/\/www.ctrteresina.com.br\/site\/wp-json\/wp\/v2\/media?parent=9"}],"curies":[{"name":"wp","href":"https:\/\/api.w.org\/{rel}","templated":true}]}}